{"id":852,"date":"2024-04-14T18:33:22","date_gmt":"2024-04-14T18:33:22","guid":{"rendered":"https:\/\/twl-construcao.com\/?page_id=852"},"modified":"2024-08-09T16:28:51","modified_gmt":"2024-08-09T16:28:51","slug":"karl-lagerfeld","status":"publish","type":"page","link":"https:\/\/ocean.imperastudio.com.br\/en\/projetos\/karl-lagerfeld\/","title":{"rendered":"Karl Lagerfeld"},"content":{"rendered":"<div data-elementor-type=\"wp-page\" data-elementor-id=\"852\" class=\"elementor elementor-852\" data-elementor-post-type=\"page\">\n\t\t\t\t<div class=\"elementor-element elementor-element-a2e3968 e-flex e-con-boxed e-con e-parent\" data-id=\"a2e3968\" data-element_type=\"container\" data-e-type=\"container\" data-settings=\"{&quot;background_background&quot;:&quot;classic&quot;}\">\n\t\t\t\t\t<div class=\"e-con-inner\">\n\t\t<div class=\"elementor-element elementor-element-1d82032d e-con-full e-flex e-con e-child\" data-id=\"1d82032d\" data-element_type=\"container\" data-e-type=\"container\">\n\t\t\t\t<div class=\"elementor-element elementor-element-55d80756 de_scroll_animation_no elementor-invisible elementor-widget elementor-widget-heading\" data-id=\"55d80756\" data-element_type=\"widget\" data-e-type=\"widget\" data-settings=\"{&quot;_animation&quot;:&quot;fadeIn&quot;}\" data-widget_type=\"heading.default\">\n\t\t\t\t<div class=\"elementor-widget-container\">\n\t\t\t\t\t<h2 class=\"elementor-heading-title elementor-size-default\">TWL \/ Portfolio<\/h2>\t\t\t\t<\/div>\n\t\t\t\t<\/div>\n\t\t\t\t<div class=\"elementor-element elementor-element-35a6af5b elementor-icon-list--layout-inline elementor-align-center elementor-list-item-link-full_width de_scroll_animation_no elementor-invisible elementor-widget elementor-widget-icon-list\" data-id=\"35a6af5b\" data-element_type=\"widget\" data-e-type=\"widget\" data-settings=\"{&quot;_animation&quot;:&quot;fadeIn&quot;,&quot;_animation_delay&quot;:200}\" data-widget_type=\"icon-list.default\">\n\t\t\t\t<div class=\"elementor-widget-container\">\n\t\t\t\t\t\t\t<ul class=\"elementor-icon-list-items elementor-inline-items\">\n\t\t\t\t\t\t\t<li class=\"elementor-icon-list-item elementor-inline-item\">\n\t\t\t\t\t\t\t\t\t\t\t<a href=\"https:\/\/ocean.imperastudio.com.br\/en\/homepage\/\">\n\n\t\t\t\t\t\t\t\t\t\t\t<span class=\"elementor-icon-list-text\">Home<\/span>\n\t\t\t\t\t\t\t\t\t\t\t<\/a>\n\t\t\t\t\t\t\t\t\t<\/li>\n\t\t\t\t\t\t\t\t<li class=\"elementor-icon-list-item elementor-inline-item\">\n\t\t\t\t\t\t\t\t\t\t\t<a href=\"https:\/\/ocean.imperastudio.com.br\/en\/projetos\/\">\n\n\t\t\t\t\t\t\t\t\t\t\t\t<span class=\"elementor-icon-list-icon\">\n\t\t\t\t\t\t\t<i aria-hidden=\"true\" class=\"icon icon-right-arrow1\"><\/i>\t\t\t\t\t\t<\/span>\n\t\t\t\t\t\t\t\t\t\t<span class=\"elementor-icon-list-text\">Projects<\/span>\n\t\t\t\t\t\t\t\t\t\t\t<\/a>\n\t\t\t\t\t\t\t\t\t<\/li>\n\t\t\t\t\t\t<\/ul>\n\t\t\t\t\t\t<\/div>\n\t\t\t\t<\/div>\n\t\t\t\t<\/div>\n\t\t\t\t\t<\/div>\n\t\t\t\t<\/div>\n\t\t<div class=\"elementor-element elementor-element-7fd9e14f e-flex e-con-boxed e-con e-parent\" data-id=\"7fd9e14f\" data-element_type=\"container\" data-e-type=\"container\" data-settings=\"{&quot;background_background&quot;:&quot;classic&quot;}\">\n\t\t\t\t\t<div class=\"e-con-inner\">\n\t\t<div class=\"elementor-element elementor-element-6fdf684f e-con-full e-flex e-con e-child\" data-id=\"6fdf684f\" data-element_type=\"container\" data-e-type=\"container\">\n\t\t\t\t<div class=\"elementor-element elementor-element-27f46057 de_scroll_animation_no elementor-invisible elementor-widget elementor-widget-text-editor\" data-id=\"27f46057\" data-element_type=\"widget\" data-e-type=\"widget\" data-settings=\"{&quot;_animation&quot;:&quot;fadeIn&quot;}\" data-widget_type=\"text-editor.default\">\n\t\t\t\t<div class=\"elementor-widget-container\">\n\t\t\t\t\t\t\t\t\t<p>Client<\/p>\t\t\t\t\t\t\t\t<\/div>\n\t\t\t\t<\/div>\n\t\t\t\t<div class=\"elementor-element elementor-element-566ae24 elementor-widget__width-initial de_scroll_animation_no elementor-invisible elementor-widget elementor-widget-heading\" data-id=\"566ae24\" data-element_type=\"widget\" data-e-type=\"widget\" data-settings=\"{&quot;_animation&quot;:&quot;fadeIn&quot;,&quot;_animation_delay&quot;:200}\" data-widget_type=\"heading.default\">\n\t\t\t\t<div class=\"elementor-widget-container\">\n\t\t\t\t\t<h2 class=\"elementor-heading-title elementor-size-default\">Karl Lagerfeld<\/h2>\t\t\t\t<\/div>\n\t\t\t\t<\/div>\n\t\t\t\t<\/div>\n\t\t<div class=\"elementor-element elementor-element-6a2876ed e-con-full e-flex elementor-invisible e-con e-child\" data-id=\"6a2876ed\" data-element_type=\"container\" data-e-type=\"container\" data-settings=\"{&quot;animation&quot;:&quot;fadeIn&quot;,&quot;animation_delay&quot;:400}\">\n\t\t\t\t<div class=\"elementor-element elementor-element-75ff3db9 de_scroll_animation_no elementor-widget elementor-widget-heading\" data-id=\"75ff3db9\" data-element_type=\"widget\" data-e-type=\"widget\" data-widget_type=\"heading.default\">\n\t\t\t\t<div class=\"elementor-widget-container\">\n\t\t\t\t\t<h5 class=\"elementor-heading-title elementor-size-default\">Project<\/h5>\t\t\t\t<\/div>\n\t\t\t\t<\/div>\n\t\t\t\t<div class=\"elementor-element elementor-element-6744a5aa de_scroll_animation_no elementor-widget elementor-widget-text-editor\" data-id=\"6744a5aa\" data-element_type=\"widget\" data-e-type=\"widget\" data-widget_type=\"text-editor.default\">\n\t\t\t\t<div class=\"elementor-widget-container\">\n\t\t\t\t\t\t\t\t\t<p><b>Store: <\/b>Karl Lagerfeld<b><br \/>Location:<\/b> Freeport Lisboa Fashion Outlet<br \/><b>City:<\/b> Lisboa<br \/><b>Country: <\/b>Portugal<\/p>\t\t\t\t\t\t\t\t<\/div>\n\t\t\t\t<\/div>\n\t\t\t\t<\/div>\n\t\t<div class=\"elementor-element elementor-element-1de91d9c e-con-full e-flex elementor-invisible e-con e-child\" data-id=\"1de91d9c\" data-element_type=\"container\" data-e-type=\"container\" data-settings=\"{&quot;animation&quot;:&quot;fadeIn&quot;,&quot;animation_delay&quot;:600}\">\n\t\t\t\t<div class=\"elementor-element elementor-element-96296b3 de_scroll_animation_no elementor-widget elementor-widget-heading\" data-id=\"96296b3\" data-element_type=\"widget\" data-e-type=\"widget\" data-widget_type=\"heading.default\">\n\t\t\t\t<div class=\"elementor-widget-container\">\n\t\t\t\t\t<h5 class=\"elementor-heading-title elementor-size-default\">Team<\/h5>\t\t\t\t<\/div>\n\t\t\t\t<\/div>\n\t\t\t\t<div class=\"elementor-element elementor-element-71171fcc de_scroll_animation_no elementor-widget elementor-widget-text-editor\" data-id=\"71171fcc\" data-element_type=\"widget\" data-e-type=\"widget\" data-widget_type=\"text-editor.default\">\n\t\t\t\t<div class=\"elementor-widget-container\">\n\t\t\t\t\t\t\t\t\t<p><strong>Engineering:<\/strong> <a href=\"http:\/\/instagram.com\/twlengenharia\">@twlengenharia<\/a><br \/><strong>Photography:<\/strong> <a class=\"x1i10hfl xjbqb8w x1ejq31n xd10rxx x1sy0etr x17r0tee x972fbf xcfux6l x1qhh985 xm0m39n x9f619 x1ypdohk xt0psk2 xe8uvvx xdj266r x11i5rnm xat24cr x1mh8g0r xexx8yu x4uap5 x18d9i69 xkhd6sd x16tdsg8 x1hl2dhg xggy1nq x1a2a7pz notranslate _a6hd\" tabindex=\"0\" role=\"link\" href=\"https:\/\/www.instagram.com\/kellycarvalhophotographer\/\">@kellycarvalhophotographer<\/a><\/p>\t\t\t\t\t\t\t\t<\/div>\n\t\t\t\t<\/div>\n\t\t\t\t<\/div>\n\t\t\t\t\t<\/div>\n\t\t\t\t<\/div>\n\t\t<div class=\"elementor-element elementor-element-7e06a0fe e-flex e-con-boxed e-con e-parent\" data-id=\"7e06a0fe\" data-element_type=\"container\" data-e-type=\"container\">\n\t\t\t\t\t<div class=\"e-con-inner\">\n\t\t<div class=\"elementor-element elementor-element-d89db6d e-con-full e-flex e-con e-child\" data-id=\"d89db6d\" data-element_type=\"container\" data-e-type=\"container\">\n\t\t\t\t<div class=\"elementor-element elementor-element-69ad28cb de_scroll_animation_no elementor-invisible elementor-widget elementor-widget-gallery\" data-id=\"69ad28cb\" data-element_type=\"widget\" data-e-type=\"widget\" data-settings=\"{&quot;gallery_layout&quot;:&quot;masonry&quot;,&quot;columns&quot;:3,&quot;_animation&quot;:&quot;fadeIn&quot;,&quot;lazyload&quot;:&quot;yes&quot;,&quot;columns_tablet&quot;:2,&quot;columns_mobile&quot;:1,&quot;gap&quot;:{&quot;unit&quot;:&quot;px&quot;,&quot;size&quot;:10,&quot;sizes&quot;:[]},&quot;gap_tablet&quot;:{&quot;unit&quot;:&quot;px&quot;,&quot;size&quot;:10,&quot;sizes&quot;:[]},&quot;gap_mobile&quot;:{&quot;unit&quot;:&quot;px&quot;,&quot;size&quot;:10,&quot;sizes&quot;:[]},&quot;link_to&quot;:&quot;file&quot;,&quot;overlay_background&quot;:&quot;yes&quot;,&quot;content_hover_animation&quot;:&quot;fade-in&quot;}\" data-widget_type=\"gallery.default\">\n\t\t\t\t<div class=\"elementor-widget-container\">\n\t\t\t\t\t\t\t<div class=\"elementor-gallery__container\">\n\t\t\t\t\t\t\t<a class=\"e-gallery-item elementor-gallery-item elementor-animated-content\" href=\"https:\/\/ocean.imperastudio.com.br\/wp-content\/uploads\/2024\/04\/Twl-Engenharia-e-Construcao-Karl-Lagerfeld-Lisboa-Portugal-1.jpg\" data-elementor-open-lightbox=\"yes\" data-elementor-lightbox-slideshow=\"69ad28cb\" data-e-action-hash=\"#elementor-action%3Aaction%3Dlightbox%26settings%3DeyJpZCI6ODY0LCJ1cmwiOiJodHRwczpcL1wvb2NlYW4uaW1wZXJhc3R1ZGlvLmNvbS5iclwvd3AtY29udGVudFwvdXBsb2Fkc1wvMjAyNFwvMDRcL1R3bC1FbmdlbmhhcmlhLWUtQ29uc3RydWNhby1LYXJsLUxhZ2VyZmVsZC1MaXNib2EtUG9ydHVnYWwtMS5qcGciLCJzbGlkZXNob3ciOiI2OWFkMjhjYiJ9\">\n\t\t\t\t\t<div class=\"e-gallery-image elementor-gallery-item__image\" data-thumbnail=\"https:\/\/ocean.imperastudio.com.br\/wp-content\/uploads\/2024\/04\/Twl-Engenharia-e-Construcao-Karl-Lagerfeld-Lisboa-Portugal-1.jpg\" data-width=\"1080\" data-height=\"863\" aria-label=\"\" role=\"img\" ><\/div>\n\t\t\t\t\t\t\t\t\t\t\t<div class=\"elementor-gallery-item__overlay\"><\/div>\n\t\t\t\t\t\t\t\t\t\t\t\t\t\t<\/a>\n\t\t\t\t\t\t\t<a class=\"e-gallery-item elementor-gallery-item elementor-animated-content\" href=\"https:\/\/ocean.imperastudio.com.br\/wp-content\/uploads\/2024\/04\/Twl-Engenharia-e-Construcao-Karl-Lagerfeld-Lisboa-Portugal-2.jpg\" data-elementor-open-lightbox=\"yes\" data-elementor-lightbox-slideshow=\"69ad28cb\" data-e-action-hash=\"#elementor-action%3Aaction%3Dlightbox%26settings%3DeyJpZCI6ODY1LCJ1cmwiOiJodHRwczpcL1wvb2NlYW4uaW1wZXJhc3R1ZGlvLmNvbS5iclwvd3AtY29udGVudFwvdXBsb2Fkc1wvMjAyNFwvMDRcL1R3bC1FbmdlbmhhcmlhLWUtQ29uc3RydWNhby1LYXJsLUxhZ2VyZmVsZC1MaXNib2EtUG9ydHVnYWwtMi5qcGciLCJzbGlkZXNob3ciOiI2OWFkMjhjYiJ9\">\n\t\t\t\t\t<div class=\"e-gallery-image elementor-gallery-item__image\" data-thumbnail=\"https:\/\/ocean.imperastudio.com.br\/wp-content\/uploads\/2024\/04\/Twl-Engenharia-e-Construcao-Karl-Lagerfeld-Lisboa-Portugal-2.jpg\" data-width=\"1080\" data-height=\"864\" aria-label=\"\" role=\"img\" ><\/div>\n\t\t\t\t\t\t\t\t\t\t\t<div class=\"elementor-gallery-item__overlay\"><\/div>\n\t\t\t\t\t\t\t\t\t\t\t\t\t\t<\/a>\n\t\t\t\t\t\t\t<a class=\"e-gallery-item elementor-gallery-item elementor-animated-content\" href=\"https:\/\/ocean.imperastudio.com.br\/wp-content\/uploads\/2024\/04\/Twl-Engenharia-e-Construcao-Karl-Lagerfeld-Lisboa-Portugal-3.jpg\" data-elementor-open-lightbox=\"yes\" data-elementor-lightbox-slideshow=\"69ad28cb\" data-e-action-hash=\"#elementor-action%3Aaction%3Dlightbox%26settings%3DeyJpZCI6ODY2LCJ1cmwiOiJodHRwczpcL1wvb2NlYW4uaW1wZXJhc3R1ZGlvLmNvbS5iclwvd3AtY29udGVudFwvdXBsb2Fkc1wvMjAyNFwvMDRcL1R3bC1FbmdlbmhhcmlhLWUtQ29uc3RydWNhby1LYXJsLUxhZ2VyZmVsZC1MaXNib2EtUG9ydHVnYWwtMy5qcGciLCJzbGlkZXNob3ciOiI2OWFkMjhjYiJ9\">\n\t\t\t\t\t<div class=\"e-gallery-image elementor-gallery-item__image\" data-thumbnail=\"https:\/\/ocean.imperastudio.com.br\/wp-content\/uploads\/2024\/04\/Twl-Engenharia-e-Construcao-Karl-Lagerfeld-Lisboa-Portugal-3.jpg\" data-width=\"1080\" data-height=\"864\" aria-label=\"\" role=\"img\" ><\/div>\n\t\t\t\t\t\t\t\t\t\t\t<div class=\"elementor-gallery-item__overlay\"><\/div>\n\t\t\t\t\t\t\t\t\t\t\t\t\t\t<\/a>\n\t\t\t\t\t\t\t<a class=\"e-gallery-item elementor-gallery-item elementor-animated-content\" href=\"https:\/\/ocean.imperastudio.com.br\/wp-content\/uploads\/2024\/04\/Twl-Engenharia-e-Construcao-Karl-Lagerfeld-Lisboa-Portugal-4.jpg\" data-elementor-open-lightbox=\"yes\" data-elementor-lightbox-slideshow=\"69ad28cb\" data-e-action-hash=\"#elementor-action%3Aaction%3Dlightbox%26settings%3DeyJpZCI6ODY3LCJ1cmwiOiJodHRwczpcL1wvb2NlYW4uaW1wZXJhc3R1ZGlvLmNvbS5iclwvd3AtY29udGVudFwvdXBsb2Fkc1wvMjAyNFwvMDRcL1R3bC1FbmdlbmhhcmlhLWUtQ29uc3RydWNhby1LYXJsLUxhZ2VyZmVsZC1MaXNib2EtUG9ydHVnYWwtNC5qcGciLCJzbGlkZXNob3ciOiI2OWFkMjhjYiJ9\">\n\t\t\t\t\t<div class=\"e-gallery-image elementor-gallery-item__image\" data-thumbnail=\"https:\/\/ocean.imperastudio.com.br\/wp-content\/uploads\/2024\/04\/Twl-Engenharia-e-Construcao-Karl-Lagerfeld-Lisboa-Portugal-4.jpg\" data-width=\"1080\" data-height=\"864\" aria-label=\"\" role=\"img\" ><\/div>\n\t\t\t\t\t\t\t\t\t\t\t<div class=\"elementor-gallery-item__overlay\"><\/div>\n\t\t\t\t\t\t\t\t\t\t\t\t\t\t<\/a>\n\t\t\t\t\t\t\t<a class=\"e-gallery-item elementor-gallery-item elementor-animated-content\" href=\"https:\/\/ocean.imperastudio.com.br\/wp-content\/uploads\/2024\/04\/Twl-Engenharia-e-Construcao-Karl-Lagerfeld-Lisboa-Portugal-6.jpg\" data-elementor-open-lightbox=\"yes\" data-elementor-lightbox-slideshow=\"69ad28cb\" data-e-action-hash=\"#elementor-action%3Aaction%3Dlightbox%26settings%3DeyJpZCI6ODY5LCJ1cmwiOiJodHRwczpcL1wvb2NlYW4uaW1wZXJhc3R1ZGlvLmNvbS5iclwvd3AtY29udGVudFwvdXBsb2Fkc1wvMjAyNFwvMDRcL1R3bC1FbmdlbmhhcmlhLWUtQ29uc3RydWNhby1LYXJsLUxhZ2VyZmVsZC1MaXNib2EtUG9ydHVnYWwtNi5qcGciLCJzbGlkZXNob3ciOiI2OWFkMjhjYiJ9\">\n\t\t\t\t\t<div class=\"e-gallery-image elementor-gallery-item__image\" data-thumbnail=\"https:\/\/ocean.imperastudio.com.br\/wp-content\/uploads\/2024\/04\/Twl-Engenharia-e-Construcao-Karl-Lagerfeld-Lisboa-Portugal-6.jpg\" data-width=\"1080\" data-height=\"864\" aria-label=\"\" role=\"img\" ><\/div>\n\t\t\t\t\t\t\t\t\t\t\t<div class=\"elementor-gallery-item__overlay\"><\/div>\n\t\t\t\t\t\t\t\t\t\t\t\t\t\t<\/a>\n\t\t\t\t\t\t\t<a class=\"e-gallery-item elementor-gallery-item elementor-animated-content\" href=\"https:\/\/ocean.imperastudio.com.br\/wp-content\/uploads\/2024\/04\/Twl-Engenharia-e-Construcao-Karl-Lagerfeld-Lisboa-Portugal-7.jpg\" data-elementor-open-lightbox=\"yes\" data-elementor-lightbox-slideshow=\"69ad28cb\" data-e-action-hash=\"#elementor-action%3Aaction%3Dlightbox%26settings%3DeyJpZCI6ODcwLCJ1cmwiOiJodHRwczpcL1wvb2NlYW4uaW1wZXJhc3R1ZGlvLmNvbS5iclwvd3AtY29udGVudFwvdXBsb2Fkc1wvMjAyNFwvMDRcL1R3bC1FbmdlbmhhcmlhLWUtQ29uc3RydWNhby1LYXJsLUxhZ2VyZmVsZC1MaXNib2EtUG9ydHVnYWwtNy5qcGciLCJzbGlkZXNob3ciOiI2OWFkMjhjYiJ9\">\n\t\t\t\t\t<div class=\"e-gallery-image elementor-gallery-item__image\" data-thumbnail=\"https:\/\/ocean.imperastudio.com.br\/wp-content\/uploads\/2024\/04\/Twl-Engenharia-e-Construcao-Karl-Lagerfeld-Lisboa-Portugal-7.jpg\" data-width=\"1080\" data-height=\"864\" aria-label=\"\" role=\"img\" ><\/div>\n\t\t\t\t\t\t\t\t\t\t\t<div class=\"elementor-gallery-item__overlay\"><\/div>\n\t\t\t\t\t\t\t\t\t\t\t\t\t\t<\/a>\n\t\t\t\t\t\t\t<a class=\"e-gallery-item elementor-gallery-item elementor-animated-content\" href=\"https:\/\/ocean.imperastudio.com.br\/wp-content\/uploads\/2024\/04\/Twl-Engenharia-e-Construcao-Karl-Lagerfeld-Lisboa-Portugal-8.jpg\" data-elementor-open-lightbox=\"yes\" data-elementor-lightbox-slideshow=\"69ad28cb\" data-e-action-hash=\"#elementor-action%3Aaction%3Dlightbox%26settings%3DeyJpZCI6ODcxLCJ1cmwiOiJodHRwczpcL1wvb2NlYW4uaW1wZXJhc3R1ZGlvLmNvbS5iclwvd3AtY29udGVudFwvdXBsb2Fkc1wvMjAyNFwvMDRcL1R3bC1FbmdlbmhhcmlhLWUtQ29uc3RydWNhby1LYXJsLUxhZ2VyZmVsZC1MaXNib2EtUG9ydHVnYWwtOC5qcGciLCJzbGlkZXNob3ciOiI2OWFkMjhjYiJ9\">\n\t\t\t\t\t<div class=\"e-gallery-image elementor-gallery-item__image\" data-thumbnail=\"https:\/\/ocean.imperastudio.com.br\/wp-content\/uploads\/2024\/04\/Twl-Engenharia-e-Construcao-Karl-Lagerfeld-Lisboa-Portugal-8.jpg\" data-width=\"1080\" data-height=\"864\" aria-label=\"\" role=\"img\" ><\/div>\n\t\t\t\t\t\t\t\t\t\t\t<div class=\"elementor-gallery-item__overlay\"><\/div>\n\t\t\t\t\t\t\t\t\t\t\t\t\t\t<\/a>\n\t\t\t\t\t\t\t<a class=\"e-gallery-item elementor-gallery-item elementor-animated-content\" href=\"https:\/\/ocean.imperastudio.com.br\/wp-content\/uploads\/2024\/04\/Twl-Engenharia-e-Construcao-Karl-Lagerfeld-Lisboa-Portugal-9.jpg\" data-elementor-open-lightbox=\"yes\" data-elementor-lightbox-slideshow=\"69ad28cb\" data-e-action-hash=\"#elementor-action%3Aaction%3Dlightbox%26settings%3DeyJpZCI6ODcyLCJ1cmwiOiJodHRwczpcL1wvb2NlYW4uaW1wZXJhc3R1ZGlvLmNvbS5iclwvd3AtY29udGVudFwvdXBsb2Fkc1wvMjAyNFwvMDRcL1R3bC1FbmdlbmhhcmlhLWUtQ29uc3RydWNhby1LYXJsLUxhZ2VyZmVsZC1MaXNib2EtUG9ydHVnYWwtOS5qcGciLCJzbGlkZXNob3ciOiI2OWFkMjhjYiJ9\">\n\t\t\t\t\t<div class=\"e-gallery-image elementor-gallery-item__image\" data-thumbnail=\"https:\/\/ocean.imperastudio.com.br\/wp-content\/uploads\/2024\/04\/Twl-Engenharia-e-Construcao-Karl-Lagerfeld-Lisboa-Portugal-9.jpg\" data-width=\"1080\" data-height=\"864\" aria-label=\"\" role=\"img\" ><\/div>\n\t\t\t\t\t\t\t\t\t\t\t<div class=\"elementor-gallery-item__overlay\"><\/div>\n\t\t\t\t\t\t\t\t\t\t\t\t\t\t<\/a>\n\t\t\t\t\t\t\t<a class=\"e-gallery-item elementor-gallery-item elementor-animated-content\" href=\"https:\/\/ocean.imperastudio.com.br\/wp-content\/uploads\/2024\/04\/Twl-Engenharia-e-Construcao-Karl-Lagerfeld-Lisboa-Portugal-10.jpg\" data-elementor-open-lightbox=\"yes\" data-elementor-lightbox-slideshow=\"69ad28cb\" data-e-action-hash=\"#elementor-action%3Aaction%3Dlightbox%26settings%3DeyJpZCI6ODczLCJ1cmwiOiJodHRwczpcL1wvb2NlYW4uaW1wZXJhc3R1ZGlvLmNvbS5iclwvd3AtY29udGVudFwvdXBsb2Fkc1wvMjAyNFwvMDRcL1R3bC1FbmdlbmhhcmlhLWUtQ29uc3RydWNhby1LYXJsLUxhZ2VyZmVsZC1MaXNib2EtUG9ydHVnYWwtMTAuanBnIiwic2xpZGVzaG93IjoiNjlhZDI4Y2IifQ%3D%3D\">\n\t\t\t\t\t<div class=\"e-gallery-image elementor-gallery-item__image\" data-thumbnail=\"https:\/\/ocean.imperastudio.com.br\/wp-content\/uploads\/2024\/04\/Twl-Engenharia-e-Construcao-Karl-Lagerfeld-Lisboa-Portugal-10.jpg\" data-width=\"1080\" data-height=\"864\" aria-label=\"\" role=\"img\" ><\/div>\n\t\t\t\t\t\t\t\t\t\t\t<div class=\"elementor-gallery-item__overlay\"><\/div>\n\t\t\t\t\t\t\t\t\t\t\t\t\t\t<\/a>\n\t\t\t\t\t<\/div>\n\t\t\t\t\t<\/div>\n\t\t\t\t<\/div>\n\t\t\t\t<\/div>\n\t\t\t\t\t<\/div>\n\t\t\t\t<\/div>\n\t\t<div class=\"elementor-element elementor-element-1f90f324 e-flex e-con-boxed e-con e-parent\" data-id=\"1f90f324\" data-element_type=\"container\" data-e-type=\"container\" data-settings=\"{&quot;background_background&quot;:&quot;classic&quot;}\">\n\t\t\t\t\t<div class=\"e-con-inner\">\n\t\t<div class=\"elementor-element elementor-element-4bda5ad8 e-con-full e-flex elementor-invisible e-con e-child\" data-id=\"4bda5ad8\" data-element_type=\"container\" data-e-type=\"container\" data-settings=\"{&quot;background_background&quot;:&quot;classic&quot;,&quot;animation&quot;:&quot;fadeIn&quot;}\">\n\t\t\t\t<div class=\"elementor-element elementor-element-59fd6e66 de_scroll_animation_no elementor-widget elementor-widget-image\" data-id=\"59fd6e66\" data-element_type=\"widget\" data-e-type=\"widget\" data-widget_type=\"image.default\">\n\t\t\t\t<div class=\"elementor-widget-container\">\n\t\t\t\t\t\t\t\t\t\t\t\t\t\t\t<img decoding=\"async\" width=\"141\" height=\"50\" src=\"https:\/\/ocean.imperastudio.com.br\/wp-content\/uploads\/2024\/04\/TWL-Engenharia-Logo-2.png\" class=\"attachment-thumbnail size-thumbnail wp-image-9\" alt=\"\" srcset=\"https:\/\/ocean.imperastudio.com.br\/wp-content\/uploads\/2024\/04\/TWL-Engenharia-Logo-2.png 141w, https:\/\/ocean.imperastudio.com.br\/wp-content\/uploads\/2024\/04\/TWL-Engenharia-Logo-2-18x6.png 18w\" sizes=\"(max-width: 141px) 100vw, 141px\" \/>\t\t\t\t\t\t\t\t\t\t\t\t\t\t\t<\/div>\n\t\t\t\t<\/div>\n\t\t\t\t<div class=\"elementor-element elementor-element-20c60599 de_scroll_animation_no elementor-widget elementor-widget-text-editor\" data-id=\"20c60599\" data-element_type=\"widget\" data-e-type=\"widget\" data-widget_type=\"text-editor.default\">\n\t\t\t\t<div class=\"elementor-widget-container\">\n\t\t\t\t\t\t\t\t\t<p>ENGINEERING \/ CONSTRUCTION<\/p>\t\t\t\t\t\t\t\t<\/div>\n\t\t\t\t<\/div>\n\t\t\t\t<div class=\"elementor-element elementor-element-4ce5356d de_scroll_animation_no elementor-invisible elementor-widget elementor-widget-heading\" data-id=\"4ce5356d\" data-element_type=\"widget\" data-e-type=\"widget\" data-settings=\"{&quot;_animation&quot;:&quot;fadeIn&quot;,&quot;_animation_delay&quot;:200}\" data-widget_type=\"heading.default\">\n\t\t\t\t<div class=\"elementor-widget-container\">\n\t\t\t\t\t<h2 class=\"elementor-heading-title elementor-size-default\">Your Project Executed in the State of the Art<\/h2>\t\t\t\t<\/div>\n\t\t\t\t<\/div>\n\t\t\t\t<div class=\"elementor-element elementor-element-152cbd52 elementor-widget-divider--view-line de_scroll_animation_no elementor-invisible elementor-widget elementor-widget-divider\" data-id=\"152cbd52\" data-element_type=\"widget\" data-e-type=\"widget\" data-settings=\"{&quot;_animation&quot;:&quot;fadeIn&quot;,&quot;_animation_delay&quot;:500}\" data-widget_type=\"divider.default\">\n\t\t\t\t<div class=\"elementor-widget-container\">\n\t\t\t\t\t\t\t<div class=\"elementor-divider\">\n\t\t\t<span class=\"elementor-divider-separator\">\n\t\t\t\t\t\t<\/span>\n\t\t<\/div>\n\t\t\t\t\t\t<\/div>\n\t\t\t\t<\/div>\n\t\t\t\t<div class=\"elementor-element elementor-element-1dd3dca2 de_scroll_animation_no elementor-widget elementor-widget-text-editor\" data-id=\"1dd3dca2\" data-element_type=\"widget\" data-e-type=\"widget\" data-widget_type=\"text-editor.default\">\n\t\t\t\t<div class=\"elementor-widget-container\">\n\t\t\t\t\t\t\t\t\t<p>From the initial outlines of each idea, to the completion of each environment, we are in constant search for the authenticity and sophistication of the details in each work. Marked by a lot of effort from everyone involved, we evolve day after day to reach the state of the art.<\/p>\t\t\t\t\t\t\t\t<\/div>\n\t\t\t\t<\/div>\n\t\t\t\t<div class=\"elementor-element elementor-element-2b09fbc5 elementor-align-left elementor-mobile-align-center de_scroll_animation_no elementor-invisible elementor-widget elementor-widget-button\" data-id=\"2b09fbc5\" data-element_type=\"widget\" data-e-type=\"widget\" data-settings=\"{&quot;_animation&quot;:&quot;fadeIn&quot;,&quot;_animation_delay&quot;:400}\" data-widget_type=\"button.default\">\n\t\t\t\t<div class=\"elementor-widget-container\">\n\t\t\t\t\t\t\t\t\t<div class=\"elementor-button-wrapper\">\n\t\t\t\t\t<a class=\"elementor-button elementor-button-link elementor-size-sm\" href=\"https:\/\/ocean.imperastudio.com.br\/en\/apresentacao\/\">\n\t\t\t\t\t\t<span class=\"elementor-button-content-wrapper\">\n\t\t\t\t\t\t\t\t\t<span class=\"elementor-button-text\">Request Presentation<\/span>\n\t\t\t\t\t<\/span>\n\t\t\t\t\t<\/a>\n\t\t\t\t<\/div>\n\t\t\t\t\t\t\t\t<\/div>\n\t\t\t\t<\/div>\n\t\t\t\t<\/div>\n\t\t\t\t\t<\/div>\n\t\t\t\t<\/div>\n\t\t\t\t<\/div>","protected":false},"excerpt":{"rendered":"<p>TWL \/ Portfolio Home Projetos cliente Karl Lagerfeld Projeto Loja: Karl LagerfeldLocal: Freeport Lisboa Fashion OutletCidade: LisboaPa\u00eds: Portugal Team Engenharia: @twlengenhariaFotografia: @kellycarvalhophotographer ENGENHARIA \/ CONSTRU\u00c7\u00c3O Sua Obra Realizada No Estado da Arte Desde os tra\u00e7os iniciais de cada ideia, at\u00e9 a finaliza\u00e7\u00e3o de cada ambiente, estamos em constante busca pela autenticidade e sofistica\u00e7\u00e3o dos detalhes [&hellip;]<\/p>\n","protected":false},"author":1,"featured_media":0,"parent":197,"menu_order":0,"comment_status":"closed","ping_status":"closed","template":"elementor_header_footer","meta":{"_joinchat":[],"footnotes":""},"class_list":["post-852","page","type-page","status-publish","hentry"],"_links":{"self":[{"href":"https:\/\/ocean.imperastudio.com.br\/en\/wp-json\/wp\/v2\/pages\/852","targetHints":{"allow":["GET"]}}],"collection":[{"href":"https:\/\/ocean.imperastudio.com.br\/en\/wp-json\/wp\/v2\/pages"}],"about":[{"href":"https:\/\/ocean.imperastudio.com.br\/en\/wp-json\/wp\/v2\/types\/page"}],"author":[{"embeddable":true,"href":"https:\/\/ocean.imperastudio.com.br\/en\/wp-json\/wp\/v2\/users\/1"}],"replies":[{"embeddable":true,"href":"https:\/\/ocean.imperastudio.com.br\/en\/wp-json\/wp\/v2\/comments?post=852"}],"version-history":[{"count":10,"href":"https:\/\/ocean.imperastudio.com.br\/en\/wp-json\/wp\/v2\/pages\/852\/revisions"}],"predecessor-version":[{"id":1592,"href":"https:\/\/ocean.imperastudio.com.br\/en\/wp-json\/wp\/v2\/pages\/852\/revisions\/1592"}],"up":[{"embeddable":true,"href":"https:\/\/ocean.imperastudio.com.br\/en\/wp-json\/wp\/v2\/pages\/197"}],"wp:attachment":[{"href":"https:\/\/ocean.imperastudio.com.br\/en\/wp-json\/wp\/v2\/media?parent=852"}],"curies":[{"name":"wp","href":"https:\/\/api.w.org\/{rel}","templated":true}]}}