{"id":194,"date":"2024-04-11T22:22:42","date_gmt":"2024-04-11T22:22:42","guid":{"rendered":"https:\/\/twl-construcao.com\/nossa-historia\/"},"modified":"2024-08-09T16:12:23","modified_gmt":"2024-08-09T16:12:23","slug":"sobre","status":"publish","type":"page","link":"https:\/\/ocean.imperastudio.com.br\/pt\/sobre\/","title":{"rendered":"Nossa Hist\u00f3ria"},"content":{"rendered":"<div data-elementor-type=\"wp-page\" data-elementor-id=\"194\" class=\"elementor elementor-194\" data-elementor-post-type=\"page\">\n\t\t\t\t<div class=\"elementor-element elementor-element-65ccaceb e-flex e-con-boxed e-con e-parent\" data-id=\"65ccaceb\" data-element_type=\"container\" data-e-type=\"container\" data-settings=\"{&quot;background_background&quot;:&quot;classic&quot;}\">\n\t\t\t\t\t<div class=\"e-con-inner\">\n\t\t<div class=\"elementor-element elementor-element-6451cd20 e-con-full e-flex e-con e-child\" data-id=\"6451cd20\" data-element_type=\"container\" data-e-type=\"container\">\n\t\t\t\t<div class=\"elementor-element elementor-element-5b4c0167 de_scroll_animation_no elementor-invisible elementor-widget elementor-widget-heading\" data-id=\"5b4c0167\" data-element_type=\"widget\" data-e-type=\"widget\" data-settings=\"{&quot;_animation&quot;:&quot;fadeIn&quot;}\" data-widget_type=\"heading.default\">\n\t\t\t\t<div class=\"elementor-widget-container\">\n\t\t\t\t\t<h2 class=\"elementor-heading-title elementor-size-default\">Nossa Hist\u00f3ria<\/h2>\t\t\t\t<\/div>\n\t\t\t\t<\/div>\n\t\t\t\t<div class=\"elementor-element elementor-element-ce4469e elementor-icon-list--layout-inline elementor-align-center elementor-list-item-link-full_width de_scroll_animation_no elementor-invisible elementor-widget elementor-widget-icon-list\" data-id=\"ce4469e\" data-element_type=\"widget\" data-e-type=\"widget\" data-settings=\"{&quot;_animation&quot;:&quot;fadeIn&quot;,&quot;_animation_delay&quot;:200}\" data-widget_type=\"icon-list.default\">\n\t\t\t\t<div class=\"elementor-widget-container\">\n\t\t\t\t\t\t\t<ul class=\"elementor-icon-list-items elementor-inline-items\">\n\t\t\t\t\t\t\t<li class=\"elementor-icon-list-item elementor-inline-item\">\n\t\t\t\t\t\t\t\t\t\t\t<a href=\"https:\/\/ocean.imperastudio.com.br\/pt\/homepage\/\">\n\n\t\t\t\t\t\t\t\t\t\t\t<span class=\"elementor-icon-list-text\">Home<\/span>\n\t\t\t\t\t\t\t\t\t\t\t<\/a>\n\t\t\t\t\t\t\t\t\t<\/li>\n\t\t\t\t\t\t\t\t<li class=\"elementor-icon-list-item elementor-inline-item\">\n\t\t\t\t\t\t\t\t\t\t\t<a href=\"https:\/\/ocean.imperastudio.com.br\/pt\/sobre\/\">\n\n\t\t\t\t\t\t\t\t\t\t\t\t<span class=\"elementor-icon-list-icon\">\n\t\t\t\t\t\t\t<i aria-hidden=\"true\" class=\"icon icon-right-arrow1\"><\/i>\t\t\t\t\t\t<\/span>\n\t\t\t\t\t\t\t\t\t\t<span class=\"elementor-icon-list-text\">Sobre<\/span>\n\t\t\t\t\t\t\t\t\t\t\t<\/a>\n\t\t\t\t\t\t\t\t\t<\/li>\n\t\t\t\t\t\t<\/ul>\n\t\t\t\t\t\t<\/div>\n\t\t\t\t<\/div>\n\t\t\t\t<\/div>\n\t\t\t\t\t<\/div>\n\t\t\t\t<\/div>\n\t\t<div class=\"elementor-element elementor-element-51c8773 e-flex e-con-boxed e-con e-parent\" data-id=\"51c8773\" data-element_type=\"container\" data-e-type=\"container\">\n\t\t\t\t\t<div class=\"e-con-inner\">\n\t\t<div class=\"elementor-element elementor-element-42589547 e-flex e-con-boxed e-con e-child\" data-id=\"42589547\" data-element_type=\"container\" data-e-type=\"container\">\n\t\t\t\t\t<div class=\"e-con-inner\">\n\t\t<div class=\"elementor-element elementor-element-677d74e0 e-con-full e-flex e-con e-child\" data-id=\"677d74e0\" data-element_type=\"container\" data-e-type=\"container\">\n\t\t\t\t<div class=\"elementor-element elementor-element-1a2bbb6d de_scroll_animation_no elementor-invisible elementor-widget elementor-widget-text-editor\" data-id=\"1a2bbb6d\" data-element_type=\"widget\" data-e-type=\"widget\" data-settings=\"{&quot;_animation&quot;:&quot;fadeIn&quot;}\" data-widget_type=\"text-editor.default\">\n\t\t\t\t<div class=\"elementor-widget-container\">\n\t\t\t\t\t\t\t\t\t<p>nossa assinatura<\/p>\t\t\t\t\t\t\t\t<\/div>\n\t\t\t\t<\/div>\n\t\t\t\t<div class=\"elementor-element elementor-element-1c3e5af5 de_scroll_animation_no elementor-invisible elementor-widget elementor-widget-heading\" data-id=\"1c3e5af5\" data-element_type=\"widget\" data-e-type=\"widget\" data-settings=\"{&quot;_animation&quot;:&quot;fadeIn&quot;,&quot;_animation_delay&quot;:200}\" data-widget_type=\"heading.default\">\n\t\t\t\t<div class=\"elementor-widget-container\">\n\t\t\t\t\t<h2 class=\"elementor-heading-title elementor-size-default\">Excel\u00eancia em Obras de Alto Padr\u00e3o<\/h2>\t\t\t\t<\/div>\n\t\t\t\t<\/div>\n\t\t\t\t<div class=\"elementor-element elementor-element-2eee2982 de_scroll_animation_no elementor-widget elementor-widget-text-editor\" data-id=\"2eee2982\" data-element_type=\"widget\" data-e-type=\"widget\" data-widget_type=\"text-editor.default\">\n\t\t\t\t<div class=\"elementor-widget-container\">\n\t\t\t\t\t\t\t\t\t<p><span style=\"font-family: var( --e-global-typography-text-font-family ), Sans-serif; font-size: var( --e-global-typography-text-font-size ); font-weight: var( --e-global-typography-text-font-weight ); text-transform: var( --e-global-typography-text-text-transform ); color: var( --e-global-color-text );\">H\u00e1 mais de duas d\u00e9cadas que a TWL tem vindo a transformar internacionalmente a sua hist\u00f3ria na procura da autenticidade e excel\u00eancia em constru\u00e7\u00f5es de gama alta, valorizando sempre ao m\u00e1ximo o talento de cada colaborador, que refor\u00e7a diariamente a nossa tradi\u00e7\u00e3o.<\/span><\/p>\n<p>Acreditamos que atrav\u00e9s de cada projeto que desenvolvemos ao lado dos nossos arquitetos parceiros, temos o poder de criar uma nova hist\u00f3ria, fazendo parte da vida dos nossos clientes.<\/p>\n<p><span style=\"font-family: var( --e-global-typography-text-font-family ), Sans-serif; font-size: var( --e-global-typography-text-font-size ); font-weight: var( --e-global-typography-text-font-weight ); text-transform: var( --e-global-typography-text-text-transform ); color: var( --e-global-color-text );\">Assim, desde os tra\u00e7os iniciais de cada ideia at\u00e9 \u00e0 conclus\u00e3o de cada projeto, continuamos a ter como objetivo oferecer a melhor e mais sofisticada engenharia aos nossos clientes nacionais e internacionais.<\/span><\/p>\t\t\t\t\t\t\t\t<\/div>\n\t\t\t\t<\/div>\n\t\t\t\t<\/div>\n\t\t<div class=\"elementor-element elementor-element-a250429 e-con-full e-flex e-con e-child\" data-id=\"a250429\" data-element_type=\"container\" data-e-type=\"container\">\n\t\t\t\t<div class=\"elementor-element elementor-element-741258e0 de_scroll_animation_no elementor-widget elementor-widget-image\" data-id=\"741258e0\" data-element_type=\"widget\" data-e-type=\"widget\" data-widget_type=\"image.default\">\n\t\t\t\t<div class=\"elementor-widget-container\">\n\t\t\t\t\t\t\t\t\t\t\t\t\t\t\t<img fetchpriority=\"high\" decoding=\"async\" width=\"451\" height=\"567\" src=\"https:\/\/ocean.imperastudio.com.br\/wp-content\/uploads\/2024\/04\/57a2d4832de5b.jpg\" class=\"attachment-full size-full wp-image-15\" alt=\"\" srcset=\"https:\/\/ocean.imperastudio.com.br\/wp-content\/uploads\/2024\/04\/57a2d4832de5b.jpg 451w, https:\/\/ocean.imperastudio.com.br\/wp-content\/uploads\/2024\/04\/57a2d4832de5b-239x300.jpg 239w\" sizes=\"(max-width: 451px) 100vw, 451px\" \/>\t\t\t\t\t\t\t\t\t\t\t\t\t\t\t<\/div>\n\t\t\t\t<\/div>\n\t\t\t\t<\/div>\n\t\t\t\t\t<\/div>\n\t\t\t\t<\/div>\n\t\t\t\t\t<\/div>\n\t\t\t\t<\/div>\n\t\t<div class=\"elementor-element elementor-element-3c6b6199 e-flex e-con-boxed e-con e-parent\" data-id=\"3c6b6199\" data-element_type=\"container\" data-e-type=\"container\" data-settings=\"{&quot;background_background&quot;:&quot;classic&quot;}\">\n\t\t\t\t\t<div class=\"e-con-inner\">\n\t\t<div class=\"elementor-element elementor-element-3584d600 e-con-full e-flex e-con e-child\" data-id=\"3584d600\" data-element_type=\"container\" data-e-type=\"container\">\n\t\t\t\t<div class=\"elementor-element elementor-element-7636c83b de_scroll_animation_no elementor-invisible elementor-widget elementor-widget-text-editor\" data-id=\"7636c83b\" data-element_type=\"widget\" data-e-type=\"widget\" data-settings=\"{&quot;_animation&quot;:&quot;fadeIn&quot;}\" data-widget_type=\"text-editor.default\">\n\t\t\t\t<div class=\"elementor-widget-container\">\n\t\t\t\t\t\t\t\t\t<p>Nossa Ess\u00eancia<\/p>\t\t\t\t\t\t\t\t<\/div>\n\t\t\t\t<\/div>\n\t\t\t\t<div class=\"elementor-element elementor-element-367bb9fc elementor-widget__width-initial de_scroll_animation_no elementor-invisible elementor-widget elementor-widget-heading\" data-id=\"367bb9fc\" data-element_type=\"widget\" data-e-type=\"widget\" data-settings=\"{&quot;_animation&quot;:&quot;fadeIn&quot;,&quot;_animation_delay&quot;:200}\" data-widget_type=\"heading.default\">\n\t\t\t\t<div class=\"elementor-widget-container\">\n\t\t\t\t\t<h2 class=\"elementor-heading-title elementor-size-default\">Muito Al\u00e9m da Engenharia<\/h2>\t\t\t\t<\/div>\n\t\t\t\t<\/div>\n\t\t\t\t<\/div>\n\t\t<div class=\"elementor-element elementor-element-38653d7e e-con-full e-flex elementor-invisible e-con e-child\" data-id=\"38653d7e\" data-element_type=\"container\" data-e-type=\"container\" data-settings=\"{&quot;animation&quot;:&quot;fadeIn&quot;,&quot;animation_delay&quot;:400}\">\n\t\t\t\t<div class=\"elementor-element elementor-element-3bb64e66 de_scroll_animation_no elementor-widget elementor-widget-heading\" data-id=\"3bb64e66\" data-element_type=\"widget\" data-e-type=\"widget\" data-widget_type=\"heading.default\">\n\t\t\t\t<div class=\"elementor-widget-container\">\n\t\t\t\t\t<h5 class=\"elementor-heading-title elementor-size-default\">Vis\u00e3o<\/h5>\t\t\t\t<\/div>\n\t\t\t\t<\/div>\n\t\t\t\t<div class=\"elementor-element elementor-element-1fd4acbb de_scroll_animation_no elementor-widget elementor-widget-text-editor\" data-id=\"1fd4acbb\" data-element_type=\"widget\" data-e-type=\"widget\" data-widget_type=\"text-editor.default\">\n\t\t\t\t<div class=\"elementor-widget-container\">\n\t\t\t\t\t\t\t\t\t<p>Atrav\u00e9s de cada projeto que desenvolvemos ao lado dos nossos arquitetos parceiros, acreditamos que temos o poder de criar uma nova hist\u00f3ria fazendo parte da vida dos nossos clientes.<\/p>\t\t\t\t\t\t\t\t<\/div>\n\t\t\t\t<\/div>\n\t\t\t\t<\/div>\n\t\t<div class=\"elementor-element elementor-element-6b45ec81 e-con-full e-flex elementor-invisible e-con e-child\" data-id=\"6b45ec81\" data-element_type=\"container\" data-e-type=\"container\" data-settings=\"{&quot;animation&quot;:&quot;fadeIn&quot;,&quot;animation_delay&quot;:600}\">\n\t\t\t\t<div class=\"elementor-element elementor-element-5aedde83 de_scroll_animation_no elementor-widget elementor-widget-heading\" data-id=\"5aedde83\" data-element_type=\"widget\" data-e-type=\"widget\" data-widget_type=\"heading.default\">\n\t\t\t\t<div class=\"elementor-widget-container\">\n\t\t\t\t\t<h5 class=\"elementor-heading-title elementor-size-default\">Miss\u00e3o<\/h5>\t\t\t\t<\/div>\n\t\t\t\t<\/div>\n\t\t\t\t<div class=\"elementor-element elementor-element-788ed07d de_scroll_animation_no elementor-widget elementor-widget-text-editor\" data-id=\"788ed07d\" data-element_type=\"widget\" data-e-type=\"widget\" data-widget_type=\"text-editor.default\">\n\t\t\t\t<div class=\"elementor-widget-container\">\n\t\t\t\t\t\t\t\t\t<p>A busca constante pela autenticidade e excel\u00eancia, valorizando ao m\u00e1ximo o talento de cada membro da equipa e oferecendo o que h\u00e1 de melhor e mais sofisticado em engenharia.<\/p>\t\t\t\t\t\t\t\t<\/div>\n\t\t\t\t<\/div>\n\t\t\t\t<\/div>\n\t\t\t\t\t<\/div>\n\t\t\t\t<\/div>\n\t\t<div class=\"elementor-element elementor-element-5164ac86 e-flex e-con-boxed e-con e-parent\" data-id=\"5164ac86\" data-element_type=\"container\" data-e-type=\"container\" data-settings=\"{&quot;background_background&quot;:&quot;classic&quot;}\">\n\t\t\t\t\t<div class=\"e-con-inner\">\n\t\t<div class=\"elementor-element elementor-element-70656cde e-con-full e-flex elementor-invisible e-con e-child\" data-id=\"70656cde\" data-element_type=\"container\" data-e-type=\"container\" data-settings=\"{&quot;background_background&quot;:&quot;classic&quot;,&quot;animation&quot;:&quot;fadeIn&quot;}\">\n\t\t\t\t<div class=\"elementor-element elementor-element-1f97b34 de_scroll_animation_no elementor-widget elementor-widget-image\" data-id=\"1f97b34\" data-element_type=\"widget\" data-e-type=\"widget\" data-widget_type=\"image.default\">\n\t\t\t\t<div class=\"elementor-widget-container\">\n\t\t\t\t\t\t\t\t\t\t\t\t\t\t\t<img decoding=\"async\" width=\"141\" height=\"50\" src=\"https:\/\/ocean.imperastudio.com.br\/wp-content\/uploads\/2024\/04\/TWL-Engenharia-Logo-2.png\" class=\"attachment-thumbnail size-thumbnail wp-image-9\" alt=\"\" srcset=\"https:\/\/ocean.imperastudio.com.br\/wp-content\/uploads\/2024\/04\/TWL-Engenharia-Logo-2.png 141w, https:\/\/ocean.imperastudio.com.br\/wp-content\/uploads\/2024\/04\/TWL-Engenharia-Logo-2-18x6.png 18w\" sizes=\"(max-width: 141px) 100vw, 141px\" \/>\t\t\t\t\t\t\t\t\t\t\t\t\t\t\t<\/div>\n\t\t\t\t<\/div>\n\t\t\t\t<div class=\"elementor-element elementor-element-5d372a76 de_scroll_animation_no elementor-widget elementor-widget-text-editor\" data-id=\"5d372a76\" data-element_type=\"widget\" data-e-type=\"widget\" data-widget_type=\"text-editor.default\">\n\t\t\t\t<div class=\"elementor-widget-container\">\n\t\t\t\t\t\t\t\t\t<p>ENGENHARIA \/ CONSTRU\u00c7\u00c3O<\/p>\t\t\t\t\t\t\t\t<\/div>\n\t\t\t\t<\/div>\n\t\t\t\t<div class=\"elementor-element elementor-element-5e4632f8 de_scroll_animation_no elementor-invisible elementor-widget elementor-widget-heading\" data-id=\"5e4632f8\" data-element_type=\"widget\" data-e-type=\"widget\" data-settings=\"{&quot;_animation&quot;:&quot;fadeIn&quot;,&quot;_animation_delay&quot;:200}\" data-widget_type=\"heading.default\">\n\t\t\t\t<div class=\"elementor-widget-container\">\n\t\t\t\t\t<h2 class=\"elementor-heading-title elementor-size-default\">Sua Obra Realizada No Estado da Arte<\/h2>\t\t\t\t<\/div>\n\t\t\t\t<\/div>\n\t\t\t\t<div class=\"elementor-element elementor-element-6bcd1921 elementor-widget-divider--view-line de_scroll_animation_no elementor-invisible elementor-widget elementor-widget-divider\" data-id=\"6bcd1921\" data-element_type=\"widget\" data-e-type=\"widget\" data-settings=\"{&quot;_animation&quot;:&quot;fadeIn&quot;,&quot;_animation_delay&quot;:500}\" data-widget_type=\"divider.default\">\n\t\t\t\t<div class=\"elementor-widget-container\">\n\t\t\t\t\t\t\t<div class=\"elementor-divider\">\n\t\t\t<span class=\"elementor-divider-separator\">\n\t\t\t\t\t\t<\/span>\n\t\t<\/div>\n\t\t\t\t\t\t<\/div>\n\t\t\t\t<\/div>\n\t\t\t\t<div class=\"elementor-element elementor-element-4337111c de_scroll_animation_no elementor-widget elementor-widget-text-editor\" data-id=\"4337111c\" data-element_type=\"widget\" data-e-type=\"widget\" data-widget_type=\"text-editor.default\">\n\t\t\t\t<div class=\"elementor-widget-container\">\n\t\t\t\t\t\t\t\t\t<p>Desde os tra\u00e7os iniciais de cada ideia, at\u00e9 a finaliza\u00e7\u00e3o de cada ambiente, estamos em constante busca pela autenticidade e sofistica\u00e7\u00e3o dos detalhes em cada obra. Marcados por muito esfor\u00e7o de todos os envolvidos, \u00e9 assim que evolu\u00edmos dia ap\u00f3s dia para chegar ao estado da arte.<\/p>\t\t\t\t\t\t\t\t<\/div>\n\t\t\t\t<\/div>\n\t\t\t\t<div class=\"elementor-element elementor-element-2c89a59 elementor-align-left elementor-mobile-align-center de_scroll_animation_no elementor-invisible elementor-widget elementor-widget-button\" data-id=\"2c89a59\" data-element_type=\"widget\" data-e-type=\"widget\" data-settings=\"{&quot;_animation&quot;:&quot;fadeIn&quot;,&quot;_animation_delay&quot;:400}\" data-widget_type=\"button.default\">\n\t\t\t\t<div class=\"elementor-widget-container\">\n\t\t\t\t\t\t\t\t\t<div class=\"elementor-button-wrapper\">\n\t\t\t\t\t<a class=\"elementor-button elementor-button-link elementor-size-sm\" href=\"https:\/\/ocean.imperastudio.com.br\/pt\/apresentacao\/\">\n\t\t\t\t\t\t<span class=\"elementor-button-content-wrapper\">\n\t\t\t\t\t\t\t\t\t<span class=\"elementor-button-text\">Solicitar Apresenta\u00e7\u00e3o<\/span>\n\t\t\t\t\t<\/span>\n\t\t\t\t\t<\/a>\n\t\t\t\t<\/div>\n\t\t\t\t\t\t\t\t<\/div>\n\t\t\t\t<\/div>\n\t\t\t\t<\/div>\n\t\t\t\t\t<\/div>\n\t\t\t\t<\/div>\n\t\t\t\t<\/div>","protected":false},"excerpt":{"rendered":"<p>Nossa Hist\u00f3ria Home Sobre nossa assinatura Excel\u00eancia em Obras de Alto Padr\u00e3o H\u00e1 mais de duas d\u00e9cadas, a TWL vem transformando internacionalmente sua hist\u00f3ria na busca pela autenticidade e excel\u00eancia em constru\u00e7\u00f5es de alto padr\u00e3o, sempre valorizando ao m\u00e1ximo o talento de cada membro da equipe, que refor\u00e7am diariamente a nossa tradi\u00e7\u00e3o. Acreditamos que atrav\u00e9s [&hellip;]<\/p>\n","protected":false},"author":1,"featured_media":0,"parent":0,"menu_order":0,"comment_status":"closed","ping_status":"closed","template":"elementor_header_footer","meta":{"_joinchat":[],"footnotes":""},"class_list":["post-194","page","type-page","status-publish","hentry"],"_links":{"self":[{"href":"https:\/\/ocean.imperastudio.com.br\/pt\/wp-json\/wp\/v2\/pages\/194","targetHints":{"allow":["GET"]}}],"collection":[{"href":"https:\/\/ocean.imperastudio.com.br\/pt\/wp-json\/wp\/v2\/pages"}],"about":[{"href":"https:\/\/ocean.imperastudio.com.br\/pt\/wp-json\/wp\/v2\/types\/page"}],"author":[{"embeddable":true,"href":"https:\/\/ocean.imperastudio.com.br\/pt\/wp-json\/wp\/v2\/users\/1"}],"replies":[{"embeddable":true,"href":"https:\/\/ocean.imperastudio.com.br\/pt\/wp-json\/wp\/v2\/comments?post=194"}],"version-history":[{"count":10,"href":"https:\/\/ocean.imperastudio.com.br\/pt\/wp-json\/wp\/v2\/pages\/194\/revisions"}],"predecessor-version":[{"id":1589,"href":"https:\/\/ocean.imperastudio.com.br\/pt\/wp-json\/wp\/v2\/pages\/194\/revisions\/1589"}],"wp:attachment":[{"href":"https:\/\/ocean.imperastudio.com.br\/pt\/wp-json\/wp\/v2\/media?parent=194"}],"curies":[{"name":"wp","href":"https:\/\/api.w.org\/{rel}","templated":true}]}}